{"id":71,"date":"2024-10-16T09:10:08","date_gmt":"2024-10-16T08:10:08","guid":{"rendered":"https:\/\/halldor.eu\/?page_id=71"},"modified":"2025-07-19T00:47:11","modified_gmt":"2025-07-18T23:47:11","slug":"prosjekter","status":"publish","type":"page","link":"https:\/\/halldor.eu\/?page_id=71","title":{"rendered":"Prosjekter"},"content":{"rendered":"\n<p>Her er oppstilt prosjekter jeg har v\u00e6rt med i som handler om bygningkonstrukt\u00f8r \/ arkitektur. Listen vil bli oppdatert over tid.<\/p>\n\n\n\n<figure class=\"wp-block-image aligncenter size-full\"><img loading=\"lazy\" decoding=\"async\" width=\"600\" height=\"338\" src=\"https:\/\/halldor.eu\/wp-content\/uploads\/2025\/07\/Knapstad.jpg\" alt=\"\" class=\"wp-image-241\" srcset=\"https:\/\/halldor.eu\/wp-content\/uploads\/2025\/07\/Knapstad.jpg 600w, https:\/\/halldor.eu\/wp-content\/uploads\/2025\/07\/Knapstad-300x169.jpg 300w\" sizes=\"auto, (max-width: 600px) 100vw, 600px\" \/><\/figure>\n\n\n\n<details class=\"wp-block-details is-layout-flow wp-block-details-is-layout-flow\"><summary>Vinterhage, Knapstad, Norge<\/summary>\n<p>Prosjektet var \u00e5 tegne vinterhage som tilbygg til et hus i Knapstad. Her har vi en stor tredelt skyved\u00f8r og store vinduer som slipper inn mye lys hele \u00e5ret.<\/p>\n\n\n\n<figure class=\"wp-block-image aligncenter size-full\"><img loading=\"lazy\" decoding=\"async\" width=\"600\" height=\"420\" src=\"https:\/\/halldor.eu\/wp-content\/uploads\/2025\/07\/knapstad-plan-1.jpg\" alt=\"\" class=\"wp-image-245\" srcset=\"https:\/\/halldor.eu\/wp-content\/uploads\/2025\/07\/knapstad-plan-1.jpg 600w, https:\/\/halldor.eu\/wp-content\/uploads\/2025\/07\/knapstad-plan-1-300x210.jpg 300w\" sizes=\"auto, (max-width: 600px) 100vw, 600px\" \/><\/figure>\n<\/details>\n\n\n\n<hr class=\"wp-block-separator has-alpha-channel-opacity is-style-wide\"\/>\n\n\n\n<figure class=\"wp-block-image aligncenter size-full\"><img loading=\"lazy\" decoding=\"async\" width=\"600\" height=\"338\" src=\"https:\/\/halldor.eu\/wp-content\/uploads\/2025\/07\/dekk-oppdated-600px.jpg\" alt=\"\" class=\"wp-image-237\" srcset=\"https:\/\/halldor.eu\/wp-content\/uploads\/2025\/07\/dekk-oppdated-600px.jpg 600w, https:\/\/halldor.eu\/wp-content\/uploads\/2025\/07\/dekk-oppdated-600px-300x169.jpg 300w\" sizes=\"auto, (max-width: 600px) 100vw, 600px\" \/><\/figure>\n\n\n\n<details class=\"wp-block-details is-layout-flow wp-block-details-is-layout-flow\"><summary>Terrasse, North Carolina, USA<\/summary>\n<p>Prosjektet var \u00e5 tegne tilbygg til eksisterende terrasse. P\u00e5 nedre terrasjen skal st\u00e5 boblebad og derfor har vi forstyrking under den delen av terrasjen.<\/p>\n\n\n\n<figure class=\"wp-block-image aligncenter size-full\"><img loading=\"lazy\" decoding=\"async\" width=\"600\" height=\"481\" src=\"https:\/\/halldor.eu\/wp-content\/uploads\/2025\/07\/deck-plan-updated-600px.jpg\" alt=\"\" class=\"wp-image-238\" srcset=\"https:\/\/halldor.eu\/wp-content\/uploads\/2025\/07\/deck-plan-updated-600px.jpg 600w, https:\/\/halldor.eu\/wp-content\/uploads\/2025\/07\/deck-plan-updated-600px-300x241.jpg 300w\" sizes=\"auto, (max-width: 600px) 100vw, 600px\" \/><\/figure>\n\n\n\n<p>Her er plantegning av konstruksjonen.<\/p>\n<\/details>\n\n\n\n<hr class=\"wp-block-separator has-alpha-channel-opacity is-style-wide\"\/>\n\n\n\n<figure class=\"wp-block-image aligncenter size-full\"><img loading=\"lazy\" decoding=\"async\" width=\"600\" height=\"338\" src=\"https:\/\/halldor.eu\/wp-content\/uploads\/2025\/05\/hytte-600px.jpg\" alt=\"\" class=\"wp-image-227\" srcset=\"https:\/\/halldor.eu\/wp-content\/uploads\/2025\/05\/hytte-600px.jpg 600w, https:\/\/halldor.eu\/wp-content\/uploads\/2025\/05\/hytte-600px-300x169.jpg 300w\" sizes=\"auto, (max-width: 600px) 100vw, 600px\" \/><\/figure>\n\n\n\n<details class=\"wp-block-details is-layout-flow wp-block-details-is-layout-flow\"><summary>Fritidsboliger p\u00e5 Island<\/summary>\n<p>Jeg arbeidet sammen med Ark2 ehf p\u00e5 Island hvor mitt jobb var at tegne hytter til fritidstomter som ligger 80 km \u00f8st fra Reykjavik. Dette innf\u00f8rer alle tegninger uten elektrisk. Det vil si tegninger til kommunen, arbeids-, ingeni\u00f8r- og VVS tegninger. Jeg tok ogs\u00e5 ansvar til regning av U-verdier og vannbar gulvvarme. Hyttene var designet av bygningskonstrukt\u00f8r hos Ark2 ehf.<\/p>\n\n\n\n<figure class=\"wp-block-image aligncenter size-large\"><img loading=\"lazy\" decoding=\"async\" width=\"600\" height=\"337\" src=\"https:\/\/halldor.eu\/wp-content\/uploads\/2024\/11\/kart-600px.jpg\" alt=\"\" class=\"wp-image-99\" srcset=\"https:\/\/halldor.eu\/wp-content\/uploads\/2024\/11\/kart-600px.jpg 600w, https:\/\/halldor.eu\/wp-content\/uploads\/2024\/11\/kart-600px-300x169.jpg 300w\" sizes=\"auto, (max-width: 600px) 100vw, 600px\" \/><\/figure>\n\n\n\n<p>Ovenfor er en bilde av den f\u00f8rste hytten som ble bygget p\u00e5 tomtene og kart med avstand fra Reykjavik.<\/p>\n\n\n\n<figure class=\"wp-block-image aligncenter size-full\"><img loading=\"lazy\" decoding=\"async\" width=\"600\" height=\"377\" src=\"https:\/\/halldor.eu\/wp-content\/uploads\/2024\/11\/baerekonstruksjon-600px.jpg\" alt=\"\" class=\"wp-image-101\" srcset=\"https:\/\/halldor.eu\/wp-content\/uploads\/2024\/11\/baerekonstruksjon-600px.jpg 600w, https:\/\/halldor.eu\/wp-content\/uploads\/2024\/11\/baerekonstruksjon-600px-300x189.jpg 300w\" sizes=\"auto, (max-width: 600px) 100vw, 600px\" \/><\/figure>\n\n\n\n<p>B\u00e6rende konstruksjon var tegnet etter forskrift fra ingeni\u00f8r. Huset er bygget p\u00e5 stedet i 15 elementer ferdig med vindsperreplater. Elementene er heist opp med kranbil og satt p\u00e5 plass.<\/p>\n\n\n\n<figure class=\"wp-block-image aligncenter size-full is-resized\"><img loading=\"lazy\" decoding=\"async\" width=\"600\" height=\"400\" src=\"https:\/\/halldor.eu\/wp-content\/uploads\/2024\/11\/Yfirlitsmynd-600px.jpg\" alt=\"\" class=\"wp-image-102\" style=\"width:600px;height:auto\" srcset=\"https:\/\/halldor.eu\/wp-content\/uploads\/2024\/11\/Yfirlitsmynd-600px.jpg 600w, https:\/\/halldor.eu\/wp-content\/uploads\/2024\/11\/Yfirlitsmynd-600px-300x200.jpg 300w\" sizes=\"auto, (max-width: 600px) 100vw, 600px\" \/><\/figure>\n\n\n\n<p>Her er huset under konstruksjon, det gjenst\u00e5r flere tomter til bygning.<\/p>\n<\/details>\n\n\n\n<hr class=\"wp-block-separator has-alpha-channel-opacity is-style-wide\"\/>\n\n\n\n<figure class=\"wp-block-image size-full\"><img loading=\"lazy\" decoding=\"async\" width=\"285\" height=\"288\" src=\"https:\/\/halldor.eu\/wp-content\/uploads\/2025\/03\/slice1.jpg\" alt=\"\" class=\"wp-image-187\"\/><\/figure>\n\n\n\n<details class=\"wp-block-details is-layout-flow wp-block-details-is-layout-flow\"><summary>Reykjavik Universitet<\/summary>\n<p>N\u00e5r jeg var i utdanningen til bygningskonstrukt\u00f8r hadde vi store prosjekter som lignede reale prosjekter med alt som h\u00f8rer til. Vi jobbede i grupper av fire i de to st\u00f8rste prosjektene, i en gruppe av to i en og til sist var det et sluttprosjekt hvor jeg jobbet alene. Vi brukte Revit til tegning og BIM og til presentasjon brukte vi mest Enscape men ogs\u00e5 Twinmotion.<\/p>\n\n\n\n<figure class=\"wp-block-image aligncenter size-full\"><img loading=\"lazy\" decoding=\"async\" width=\"600\" height=\"242\" src=\"https:\/\/halldor.eu\/wp-content\/uploads\/2024\/10\/Fjolbylishus-skoli-600px.jpg\" alt=\"\" class=\"wp-image-81\" srcset=\"https:\/\/halldor.eu\/wp-content\/uploads\/2024\/10\/Fjolbylishus-skoli-600px.jpg 600w, https:\/\/halldor.eu\/wp-content\/uploads\/2024\/10\/Fjolbylishus-skoli-600px-300x121.jpg 300w\" sizes=\"auto, (max-width: 600px) 100vw, 600px\" \/><\/figure>\n\n\n\n<p><strong>Blokk<\/strong><br>Vi jobbet fire i gruppe med dette prosjekt hvor vi fikk en tomt som vi m\u00e5tte designe og tegne en blokk p\u00e5. Alle kraver m\u00e5tte m\u00f8tes b\u00e5de fra kunde og fra kommunen. Vi m\u00e5tte ogs\u00e5 vise frem at konstruksjonen kunne st\u00e5 ut fra lasting og styrke.<\/p>\n\n\n\n<figure class=\"wp-block-image aligncenter size-full\"><img loading=\"lazy\" decoding=\"async\" width=\"600\" height=\"335\" src=\"https:\/\/halldor.eu\/wp-content\/uploads\/2024\/10\/mynd-i-myndaramma-5.-haed-600px.jpg\" alt=\"\" class=\"wp-image-82\" srcset=\"https:\/\/halldor.eu\/wp-content\/uploads\/2024\/10\/mynd-i-myndaramma-5.-haed-600px.jpg 600w, https:\/\/halldor.eu\/wp-content\/uploads\/2024\/10\/mynd-i-myndaramma-5.-haed-600px-300x168.jpg 300w\" sizes=\"auto, (max-width: 600px) 100vw, 600px\" \/><\/figure>\n\n\n\n<p><strong>Rehabilitering<\/strong><br>Vi jobbet ogs\u00e5 fire i gruppe med dette prosjekt hvor vi fikk en gammel blokk som m\u00e5tte etterisoleres, bytte vinduer, oppgradere til moderne kraver innvendig og s\u00e5 m\u00e5tte vi f\u00e5 til heis til alle etasjene. Det var ogs\u00e5 krav til en ny etasje hvor salget av de leilighetene kunne erstatte i hvertfall en del av kostnaden.<\/p>\n\n\n\n<figure class=\"wp-block-image aligncenter size-full\"><img loading=\"lazy\" decoding=\"async\" width=\"600\" height=\"209\" src=\"https:\/\/halldor.eu\/wp-content\/uploads\/2024\/10\/Haucon-600px.jpg\" alt=\"\" class=\"wp-image-84\" srcset=\"https:\/\/halldor.eu\/wp-content\/uploads\/2024\/10\/Haucon-600px.jpg 600w, https:\/\/halldor.eu\/wp-content\/uploads\/2024\/10\/Haucon-600px-300x105.jpg 300w\" sizes=\"auto, (max-width: 600px) 100vw, 600px\" \/><\/figure>\n\n\n\n<p><strong>Storbygning<\/strong><br>Vi jobbet to sammen med dette prosjekt hvor vi fikk en tomt egnet til et storbygg. Vi valgte \u00e5 bygge et Haucon varehus og butikk. Vi valgte \u00e5 bygge hus av st\u00e5l med betonggulver og vegger av sandwichelementer.<\/p>\n\n\n\n<figure class=\"wp-block-image aligncenter size-full\"><img loading=\"lazy\" decoding=\"async\" width=\"600\" height=\"337\" src=\"https:\/\/halldor.eu\/wp-content\/uploads\/2024\/10\/lokaverkefni-600px.jpg\" alt=\"\" class=\"wp-image-85\" srcset=\"https:\/\/halldor.eu\/wp-content\/uploads\/2024\/10\/lokaverkefni-600px.jpg 600w, https:\/\/halldor.eu\/wp-content\/uploads\/2024\/10\/lokaverkefni-600px-300x169.jpg 300w\" sizes=\"auto, (max-width: 600px) 100vw, 600px\" \/><\/figure>\n\n\n\n<p><strong>Sluttprosjekt<\/strong><br>Jeg jobbet alene i dette prosjekt hvor jeg m\u00e5tte velge et konkurranseprosjekt fra en designkonkurranse hvor prosjektet hadde ikke vunnet. Jeg valgte et sykehjem hvor min oppgave var \u00e5 fullf\u00f8re prosjektet fra ide fasen.<br><\/p>\n<\/details>\n\n\n\n<hr class=\"wp-block-separator has-alpha-channel-opacity is-style-wide\"\/>\n\n\n\n<figure class=\"wp-block-image aligncenter size-full\"><img loading=\"lazy\" decoding=\"async\" width=\"600\" height=\"450\" src=\"https:\/\/halldor.eu\/wp-content\/uploads\/2025\/01\/bauganes12.jpg\" alt=\"\" class=\"wp-image-141\" srcset=\"https:\/\/halldor.eu\/wp-content\/uploads\/2025\/01\/bauganes12.jpg 600w, https:\/\/halldor.eu\/wp-content\/uploads\/2025\/01\/bauganes12-300x225.jpg 300w\" sizes=\"auto, (max-width: 600px) 100vw, 600px\" \/><\/figure>\n\n\n\n<details class=\"wp-block-details is-layout-flow wp-block-details-is-layout-flow\"><summary>Bauganes 12<\/summary>\n<p>Etter brann p\u00e5 denne eiendom m\u00e5tte huset rehabiliteres. Huset hadde v\u00e6rt i utleie som en leilighet p\u00e5 2 etasjer. Denne st\u00f8rrelsen har v\u00e6rt vanskelig \u00e5 leie ut p\u00e5 grunn av h\u00f8y pris. Jeg fikk den ide \u00e5 endre p\u00e5 planen og utstyre hver etasje som en leilighet, s\u00e5 det blir lettere \u00e5 leie ut. Alt inne m\u00e5tte kastes p\u00e5 grunn av r\u00f8ykskader s\u00e5 det var en perfekt sjanse til \u00e5 gj\u00f8re noe med det.<\/p>\n\n\n\n<figure class=\"wp-block-image aligncenter size-full\"><img loading=\"lazy\" decoding=\"async\" width=\"600\" height=\"741\" src=\"https:\/\/halldor.eu\/wp-content\/uploads\/2025\/01\/1etasje.jpg\" alt=\"\" class=\"wp-image-142\" srcset=\"https:\/\/halldor.eu\/wp-content\/uploads\/2025\/01\/1etasje.jpg 600w, https:\/\/halldor.eu\/wp-content\/uploads\/2025\/01\/1etasje-243x300.jpg 243w\" sizes=\"auto, (max-width: 600px) 100vw, 600px\" \/><\/figure>\n\n\n\n<ol class=\"wp-block-list\">\n<li>etasje, leilighet med stue og 2 soverom.<\/li>\n<\/ol>\n\n\n\n<figure class=\"wp-block-image aligncenter size-full\"><img loading=\"lazy\" decoding=\"async\" width=\"600\" height=\"605\" src=\"https:\/\/halldor.eu\/wp-content\/uploads\/2025\/01\/2etasje.jpg\" alt=\"\" class=\"wp-image-143\" srcset=\"https:\/\/halldor.eu\/wp-content\/uploads\/2025\/01\/2etasje.jpg 600w, https:\/\/halldor.eu\/wp-content\/uploads\/2025\/01\/2etasje-298x300.jpg 298w, https:\/\/halldor.eu\/wp-content\/uploads\/2025\/01\/2etasje-150x150.jpg 150w\" sizes=\"auto, (max-width: 600px) 100vw, 600px\" \/><\/figure>\n\n\n\n<p>2. etasje, leilighet med stue og 3 soverom.<\/p>\n\n\n\n<p>Endringen har v\u00e6rt veldig positiv og mye lettere til utleie. For eieren av huset f\u00e5r han kostnaden ved endringene tilbake med h\u00f8yere totalinntekt for to mindre leiligheter isteden for en stor leilighet.<\/p>\n<\/details>\n\n\n\n<hr class=\"wp-block-separator has-alpha-channel-opacity is-style-wide\"\/>\n\n\n\n<figure class=\"wp-block-image aligncenter size-full\"><img loading=\"lazy\" decoding=\"async\" width=\"600\" height=\"259\" src=\"https:\/\/halldor.eu\/wp-content\/uploads\/2025\/01\/tilbygg_fasade_600w-1.jpg\" alt=\"\" class=\"wp-image-137\" srcset=\"https:\/\/halldor.eu\/wp-content\/uploads\/2025\/01\/tilbygg_fasade_600w-1.jpg 600w, https:\/\/halldor.eu\/wp-content\/uploads\/2025\/01\/tilbygg_fasade_600w-1-300x130.jpg 300w\" sizes=\"auto, (max-width: 600px) 100vw, 600px\" \/><\/figure>\n\n\n\n<details class=\"wp-block-details is-layout-flow wp-block-details-is-layout-flow\"><summary>Hestland 35<\/summary>\n<p>Tilbyggelse av hytte. Tegningene ovenfor viser tilbygget samt det originale hus.<\/p>\n\n\n\n<p>Tilbygget ble tegnet av meg men designet av bygningskonstrukt\u00f8r hos Ark2 ehf.<\/p>\n\n\n\n<figure class=\"wp-block-image aligncenter size-full\"><img loading=\"lazy\" decoding=\"async\" width=\"600\" height=\"524\" src=\"https:\/\/halldor.eu\/wp-content\/uploads\/2025\/01\/tilbygg_plan_600w-1.jpg\" alt=\"\" class=\"wp-image-138\" srcset=\"https:\/\/halldor.eu\/wp-content\/uploads\/2025\/01\/tilbygg_plan_600w-1.jpg 600w, https:\/\/halldor.eu\/wp-content\/uploads\/2025\/01\/tilbygg_plan_600w-1-300x262.jpg 300w\" sizes=\"auto, (max-width: 600px) 100vw, 600px\" \/><\/figure>\n<\/details>\n\n\n\n<hr class=\"wp-block-separator has-alpha-channel-opacity is-style-wide\"\/>\n\n\n\n<figure class=\"wp-block-image aligncenter size-full\"><img loading=\"lazy\" decoding=\"async\" width=\"600\" height=\"314\" src=\"https:\/\/halldor.eu\/wp-content\/uploads\/2025\/01\/Hraungata_600w.jpg\" alt=\"\" class=\"wp-image-133\" srcset=\"https:\/\/halldor.eu\/wp-content\/uploads\/2025\/01\/Hraungata_600w.jpg 600w, https:\/\/halldor.eu\/wp-content\/uploads\/2025\/01\/Hraungata_600w-300x157.jpg 300w\" sizes=\"auto, (max-width: 600px) 100vw, 600px\" \/><\/figure>\n\n\n\n<details class=\"wp-block-details is-layout-flow wp-block-details-is-layout-flow\"><summary>Hraungata 12, 14 og 16<\/summary>\n<p>Dette prosjekt omfatter tre bygninger som var tegnet av meg men designet av bygningskonstrukt\u00f8r hos Ark2 ehf. Bygningene er i et nytt nabolag som har spesiale ambisjoner om \u00e5 mennesker kan f\u00f8le seg tilknyttet til hvorandre og naturen. Nabolaget har blitt godkjent som BREEM Communities nabolag.<\/p>\n<\/details>\n","protected":false},"excerpt":{"rendered":"<p>Her er oppstilt prosjekter jeg har v\u00e6rt med i som handler om bygningkonstrukt\u00f8r \/ arkitektur. Listen vil bli oppdatert over tid.<\/p>\n","protected":false},"author":1,"featured_media":0,"parent":0,"menu_order":0,"comment_status":"closed","ping_status":"closed","template":"","meta":{"_monsterinsights_skip_tracking":false,"_monsterinsights_sitenote_active":false,"_monsterinsights_sitenote_note":"","_monsterinsights_sitenote_category":0,"footnotes":""},"class_list":["post-71","page","type-page","status-publish","hentry"],"_links":{"self":[{"href":"https:\/\/halldor.eu\/index.php?rest_route=\/wp\/v2\/pages\/71","targetHints":{"allow":["GET"]}}],"collection":[{"href":"https:\/\/halldor.eu\/index.php?rest_route=\/wp\/v2\/pages"}],"about":[{"href":"https:\/\/halldor.eu\/index.php?rest_route=\/wp\/v2\/types\/page"}],"author":[{"embeddable":true,"href":"https:\/\/halldor.eu\/index.php?rest_route=\/wp\/v2\/users\/1"}],"replies":[{"embeddable":true,"href":"https:\/\/halldor.eu\/index.php?rest_route=%2Fwp%2Fv2%2Fcomments&post=71"}],"version-history":[{"count":32,"href":"https:\/\/halldor.eu\/index.php?rest_route=\/wp\/v2\/pages\/71\/revisions"}],"predecessor-version":[{"id":248,"href":"https:\/\/halldor.eu\/index.php?rest_route=\/wp\/v2\/pages\/71\/revisions\/248"}],"wp:attachment":[{"href":"https:\/\/halldor.eu\/index.php?rest_route=%2Fwp%2Fv2%2Fmedia&parent=71"}],"curies":[{"name":"wp","href":"https:\/\/api.w.org\/{rel}","templated":true}]}}