{"id":63,"date":"2024-10-09T22:00:42","date_gmt":"2024-10-09T21:00:42","guid":{"rendered":"https:\/\/halldor.eu\/?page_id=63"},"modified":"2025-01-03T09:57:14","modified_gmt":"2025-01-03T08:57:14","slug":"om-meg","status":"publish","type":"page","link":"https:\/\/halldor.eu\/?page_id=63","title":{"rendered":"Om meg"},"content":{"rendered":"\n<figure class=\"wp-block-image aligncenter size-full\"><img loading=\"lazy\" decoding=\"async\" width=\"400\" height=\"300\" src=\"https:\/\/halldor.eu\/wp-content\/uploads\/2024\/10\/IMG_20240628_132623739_HDR_AE.jpg\" alt=\"\" class=\"wp-image-64\" srcset=\"https:\/\/halldor.eu\/wp-content\/uploads\/2024\/10\/IMG_20240628_132623739_HDR_AE.jpg 400w, https:\/\/halldor.eu\/wp-content\/uploads\/2024\/10\/IMG_20240628_132623739_HDR_AE-300x225.jpg 300w\" sizes=\"auto, (max-width: 400px) 100vw, 400px\" \/><\/figure>\n\n\n\n<p>Jeg er f\u00f8dt \u00e5ret 1983 i Reykjavik, Island. Sommer 2012 &#8211; 2015 begynte jeg \u00e5 jobbe i Norge som betongarbeider. \u00c5ret 2016 flyttet jeg til Norge og \u00e5ret 2024 ble jeg dobbel statsborger av Norge og Island. <\/p>\n\n\n\n<p>Jeg m\u00f8tte min kone i Norge, vi bor i Mysen og vi har 4 barn.<\/p>\n\n\n\n<p>N\u00e5r det kommer til arbeid s\u00e5 liker jeg \u00e5 jobbe sammen med andre men jeg kan godt jobbe alene ogs\u00e5.<\/p>\n\n\n\n<p>Islandsk er mitt morsm\u00e5l men jeg klarer det fint p\u00e5 norsk.<br>Engelsk snakker jeg flytende.<\/p>\n","protected":false},"excerpt":{"rendered":"<p>Jeg er f\u00f8dt \u00e5ret 1983 i Reykjavik, Island. Sommer 2012 &#8211; 2015 begynte jeg \u00e5 jobbe i Norge som betongarbeider. \u00c5ret 2016 flyttet jeg til Norge og \u00e5ret 2024 ble jeg dobbel statsborger av Norge og Island. Jeg m\u00f8tte min kone i Norge, vi bor i Mysen og vi har 4 barn. N\u00e5r det kommer [&hellip;]<\/p>\n","protected":false},"author":1,"featured_media":0,"parent":0,"menu_order":0,"comment_status":"closed","ping_status":"closed","template":"","meta":{"_monsterinsights_skip_tracking":false,"_monsterinsights_sitenote_active":false,"_monsterinsights_sitenote_note":"","_monsterinsights_sitenote_category":0,"footnotes":""},"class_list":["post-63","page","type-page","status-publish","hentry"],"_links":{"self":[{"href":"https:\/\/halldor.eu\/index.php?rest_route=\/wp\/v2\/pages\/63","targetHints":{"allow":["GET"]}}],"collection":[{"href":"https:\/\/halldor.eu\/index.php?rest_route=\/wp\/v2\/pages"}],"about":[{"href":"https:\/\/halldor.eu\/index.php?rest_route=\/wp\/v2\/types\/page"}],"author":[{"embeddable":true,"href":"https:\/\/halldor.eu\/index.php?rest_route=\/wp\/v2\/users\/1"}],"replies":[{"embeddable":true,"href":"https:\/\/halldor.eu\/index.php?rest_route=%2Fwp%2Fv2%2Fcomments&post=63"}],"version-history":[{"count":5,"href":"https:\/\/halldor.eu\/index.php?rest_route=\/wp\/v2\/pages\/63\/revisions"}],"predecessor-version":[{"id":130,"href":"https:\/\/halldor.eu\/index.php?rest_route=\/wp\/v2\/pages\/63\/revisions\/130"}],"wp:attachment":[{"href":"https:\/\/halldor.eu\/index.php?rest_route=%2Fwp%2Fv2%2Fmedia&parent=63"}],"curies":[{"name":"wp","href":"https:\/\/api.w.org\/{rel}","templated":true}]}}