{"id":61,"date":"2024-10-09T19:29:20","date_gmt":"2024-10-09T18:29:20","guid":{"rendered":"http:\/\/halldor.eu\/?page_id=61"},"modified":"2025-04-11T09:23:37","modified_gmt":"2025-04-11T08:23:37","slug":"interesser","status":"publish","type":"page","link":"https:\/\/halldor.eu\/?page_id=61","title":{"rendered":"Interesser"},"content":{"rendered":"\n<p>Utenfor den interesse jeg har for bygningskonstrukt\u00f8r \/ arkitektur har jeg ogs\u00e5 interesse i mange forskjellige ting, noen av dem jeg liker best er:<\/p>\n\n\n\n<details class=\"wp-block-details is-layout-flow wp-block-details-is-layout-flow\"><summary>Fotografi<\/summary>\n<p>Jeg liker \u00e5 ta bilder og har selvstudert mye om det hva man b\u00f8r tenke p\u00e5 b\u00e5de n\u00e5r det gjelder utstyr og teori. Jeg tar med kamera og lenser n\u00e5r jeg reiser og vil ha virkelige gode bilder. Da sl\u00e5r man p\u00e5 manual modus og f\u00e5r full kontroll over kvaliteten.<\/p>\n\n\n\n<p>Fordi jeg liker \u00e5 ta med kamera n\u00e5r jeg reiser s\u00e5 var det veldig viktig at den og lensene var ikke for stor og tunge. Det var derfor jeg valgte \u00e5 bruke Micro Four Thirds (MFT). Dette systemet har minste lensene men likevel leverer veldig bra resultat.<\/p>\n\n\n\n<p>Det kamera jeg har n\u00e5 og har brukt siden 2017 heter Panasonic DMC-G80. Den er fortsatt veldig god og jeg har ikke enn\u00e5 tenkt p\u00e5 en ny fordi den gj\u00f8r alt jeg \u00f8nsker.<\/p>\n\n\n\n<p>De tre lenser som jeg bruker mest:<br>Panasonic 12-60mm f3.5-f5.6<br>Olympus 25mm f1.8<br>Olympus 40-150mm f4-f5.6<\/p>\n\n\n\n<p>Jeg \u00f8nsker meg en portrett lense:<br>Olympus 45mm f1.8 eller Panasonic 42.5mm f1.7<\/p>\n\n\n\n<p>Hvis jeg f\u00e5r den portrett lense s\u00e5 blir det kanskje ogs\u00e5 lysbokser til key- fill- og hairlight. Men det kan v\u00e6re at jeg har da g\u00e5tt alt for langt i min hobby.<\/p>\n<\/details>\n\n\n\n<details class=\"wp-block-details is-layout-flow wp-block-details-is-layout-flow\"><summary>Hjemmekino<\/summary>\n<p>Jeg har alltid likt filmer og liker den kino opplevelsen av stor skjerm og kraftig lyd som flytter man i en anden verden.<\/p>\n\n\n\n<p>Jeg har bygget opp et hjemmekino i kjelleren hvor jeg har projektor og lerret. Jeg har surround sound og en 15&#8243; subwoofer som rister rommet.<\/p>\n\n\n\n<p>N\u00e5r man bygger opp et hjemmekino m\u00e5 man tenke p\u00e5 mange forskjellige ting. Avstand fra skjerm, avstand fra h\u00f8yttalere, retning av h\u00f8yttalere, avstand fra vegger, hvor subwoofer skal v\u00e6re og hvor mange. Akustisk behandling av vegger, gulv og tak. Dimensjonene av rommet. Hvis man trenger s\u00e5 kan man bruke dsp (digital signal processing) for at fikse lyden, spesielt n\u00e5r det gjelder subwoofer.<\/p>\n\n\n\n<p>Det er der man m\u00e5 ha interesse hvis man \u00f8nsker \u00e5 f\u00e5 best mulig opplevelse. Ellers kan det bli ikke bra resultat, likevel om man kj\u00f8per dyreste utstyr.<\/p>\n<\/details>\n\n\n\n<details class=\"wp-block-details is-layout-flow wp-block-details-is-layout-flow\"><summary>Klokker og reparasjon<\/summary>\n<p>Selv om mange i dag bruker telefonen som en klokke syns jeg det er veldig passende \u00e5 ha en klokke p\u00e5 armen. Jeg ser ikke p\u00e5 meg som en samler av klokker men jeg har noe stykker.<br><br>Reperasjonsevnen er i dag bare bytte av batterier men jeg har ambisjoner til service av mekaniske klokker. <\/p>\n\n\n\n<p>Samlingen min sammenst\u00e5r av:<br><br>Redstar Seagull 1963 chronograph (Mechanical)<br>Certina DS First chronograph (quartz)<br>Casio GA-2100 (Casioak svart, quartz)<br>Casio A163W (retro, quartz)<br><br>\u00d8nskeliste:<\/p>\n\n\n\n<ul class=\"wp-block-list\">\n<li>Timex mk1 automatic som har MacGyver 1980 tallets vibber.<\/li>\n\n\n\n<li>Seiko 5 GMT field (SSK023)<\/li>\n<\/ul>\n<\/details>\n\n\n\n<details class=\"wp-block-details is-layout-flow wp-block-details-is-layout-flow\"><summary>Gaming<\/summary>\n<p>Jeg er ikke en s\u00e6rlig &#8220;gamer&#8221; men jeg liker \u00e5 spille litt videospill noen ganger n\u00e5r jeg har fri tid. Jeg bruker Playstation og ogs\u00e5 PC til gaming.<\/p>\n<\/details>\n\n\n\n<details class=\"wp-block-details is-layout-flow wp-block-details-is-layout-flow\"><summary>Biler og motorsykler<\/summary>\n<p>N\u00e5r vi snakker interesse for biler s\u00e5 er det mest for mitt personlig behov. Jeg ser p\u00e5 bilen som et verkt\u00f8y som \u00e5pner opp mange viktige muligheter.<\/p>\n\n\n\n<p>Motorsykler har en annen mening for meg, man f\u00f8ler seg absolutt fri n\u00e5r man kj\u00f8rer rundt p\u00e5 en s\u00e5nn. Det er mere av et eventyr en \u00e5 reise med bil.<\/p>\n<\/details>\n\n\n\n<details class=\"wp-block-details is-layout-flow wp-block-details-is-layout-flow\"><summary>Reiser til spennende steder<\/summary>\n<p>Jeg har reist med bil ned Europa og kj\u00f8rt runt USA. Jeg har ogs\u00e5 v\u00e6rt turist i storbyer som London, K\u00f8benhavn, Stockholm, New York, Washington, Boston og mange flere steder.<\/p>\n\n\n\n<figure class=\"wp-block-image aligncenter size-full\"><img loading=\"lazy\" decoding=\"async\" width=\"600\" height=\"450\" src=\"https:\/\/halldor.eu\/wp-content\/uploads\/2025\/03\/motorsykkel-600px.jpg\" alt=\"\" class=\"wp-image-200\" srcset=\"https:\/\/halldor.eu\/wp-content\/uploads\/2025\/03\/motorsykkel-600px.jpg 600w, https:\/\/halldor.eu\/wp-content\/uploads\/2025\/03\/motorsykkel-600px-300x225.jpg 300w\" sizes=\"auto, (max-width: 600px) 100vw, 600px\" \/><\/figure>\n\n\n\n<p>N\u00e5r jeg bodde p\u00e5 Island s\u00e5 reiste jeg mye med motorsykkel b\u00e5de runt landet og over landet p\u00e5 fjellsveier.<\/p>\n<\/details>\n","protected":false},"excerpt":{"rendered":"<p>Utenfor den interesse jeg har for bygningskonstrukt\u00f8r \/ arkitektur har jeg ogs\u00e5 interesse i mange forskjellige ting, noen av dem jeg liker best er:<\/p>\n","protected":false},"author":1,"featured_media":0,"parent":0,"menu_order":0,"comment_status":"closed","ping_status":"closed","template":"","meta":{"_monsterinsights_skip_tracking":false,"_monsterinsights_sitenote_active":false,"_monsterinsights_sitenote_note":"","_monsterinsights_sitenote_category":0,"footnotes":""},"class_list":["post-61","page","type-page","status-publish","hentry"],"_links":{"self":[{"href":"https:\/\/halldor.eu\/index.php?rest_route=\/wp\/v2\/pages\/61","targetHints":{"allow":["GET"]}}],"collection":[{"href":"https:\/\/halldor.eu\/index.php?rest_route=\/wp\/v2\/pages"}],"about":[{"href":"https:\/\/halldor.eu\/index.php?rest_route=\/wp\/v2\/types\/page"}],"author":[{"embeddable":true,"href":"https:\/\/halldor.eu\/index.php?rest_route=\/wp\/v2\/users\/1"}],"replies":[{"embeddable":true,"href":"https:\/\/halldor.eu\/index.php?rest_route=%2Fwp%2Fv2%2Fcomments&post=61"}],"version-history":[{"count":21,"href":"https:\/\/halldor.eu\/index.php?rest_route=\/wp\/v2\/pages\/61\/revisions"}],"predecessor-version":[{"id":221,"href":"https:\/\/halldor.eu\/index.php?rest_route=\/wp\/v2\/pages\/61\/revisions\/221"}],"wp:attachment":[{"href":"https:\/\/halldor.eu\/index.php?rest_route=%2Fwp%2Fv2%2Fmedia&parent=61"}],"curies":[{"name":"wp","href":"https:\/\/api.w.org\/{rel}","templated":true}]}}