{"id":250,"date":"2025-08-18T07:47:47","date_gmt":"2025-08-18T06:47:47","guid":{"rendered":"https:\/\/halldor.eu\/?page_id=250"},"modified":"2025-09-29T10:32:48","modified_gmt":"2025-09-29T09:32:48","slug":"apper","status":"publish","type":"page","link":"https:\/\/halldor.eu\/?page_id=250","title":{"rendered":"Apper"},"content":{"rendered":"\n<p>Jeg l\u00e6rte \u00e5 programmere fra ung alder s\u00e5 jeg liker inne i mellom \u00e5 gj\u00f8re noe med det. I sommerferien 2025 lagde jeg en app til android telefoner som jeg kaller Weekly Wallet. Det er en app som hjelper deg med \u00e5 holde budget over uken.<\/p>\n\n\n\n<figure class=\"wp-block-image aligncenter size-full\"><img loading=\"lazy\" decoding=\"async\" width=\"600\" height=\"293\" src=\"https:\/\/halldor.eu\/wp-content\/uploads\/2025\/08\/weekly-wallet-banner.jpg\" alt=\"\" class=\"wp-image-251\" srcset=\"https:\/\/halldor.eu\/wp-content\/uploads\/2025\/08\/weekly-wallet-banner.jpg 600w, https:\/\/halldor.eu\/wp-content\/uploads\/2025\/08\/weekly-wallet-banner-300x147.jpg 300w\" sizes=\"auto, (max-width: 600px) 100vw, 600px\" \/><\/figure>\n\n\n\n<p>Du setter deg en &#8220;allowance&#8221; for uken og hver gang du kj\u00f8per noe s\u00e5 trekker du det fra. En ekstra funksjon er &#8220;Shopping cart&#8221;. Hvis du sl\u00e5r p\u00e5 den s\u00e5 kan du taste inn prisene p\u00e5 varene du setter i handelkurven n\u00e5r du er i butikken. S\u00e5 blir det ikke noen overraskelse n\u00e5r du kommer p\u00e5 kassa og du kan passe p\u00e5 at du ikke overstiger grensen du har sett for deg.<\/p>\n\n\n\n<figure class=\"wp-block-gallery aligncenter has-nested-images columns-default is-cropped wp-block-gallery-1 is-layout-flex wp-block-gallery-is-layout-flex\">\n<figure class=\"wp-block-image size-large\"><img loading=\"lazy\" decoding=\"async\" width=\"300\" height=\"533\" data-id=\"260\" src=\"https:\/\/halldor.eu\/wp-content\/uploads\/2025\/09\/Girl-shopping-cart.jpg\" alt=\"\" class=\"wp-image-260\" srcset=\"https:\/\/halldor.eu\/wp-content\/uploads\/2025\/09\/Girl-shopping-cart.jpg 300w, https:\/\/halldor.eu\/wp-content\/uploads\/2025\/09\/Girl-shopping-cart-169x300.jpg 169w\" sizes=\"auto, (max-width: 300px) 100vw, 300px\" \/><\/figure>\n\n\n\n<figure class=\"wp-block-image size-large\"><img loading=\"lazy\" decoding=\"async\" width=\"300\" height=\"533\" data-id=\"259\" src=\"https:\/\/halldor.eu\/wp-content\/uploads\/2025\/09\/Girl-after-checkout.jpg\" alt=\"\" class=\"wp-image-259\" srcset=\"https:\/\/halldor.eu\/wp-content\/uploads\/2025\/09\/Girl-after-checkout.jpg 300w, https:\/\/halldor.eu\/wp-content\/uploads\/2025\/09\/Girl-after-checkout-169x300.jpg 169w\" sizes=\"auto, (max-width: 300px) 100vw, 300px\" \/><\/figure>\n<figcaption class=\"blocks-gallery-caption wp-element-caption\">Brukervennlig<\/figcaption><\/figure>\n\n\n\n<figure class=\"wp-block-gallery aligncenter has-nested-images columns-default wp-block-gallery-2 is-layout-flex wp-block-gallery-is-layout-flex\">\n<figure class=\"wp-block-image size-full\"><img loading=\"lazy\" decoding=\"async\" width=\"300\" height=\"667\" data-id=\"261\" src=\"https:\/\/halldor.eu\/wp-content\/uploads\/2025\/09\/weekly-wallet-screenshot-1.jpg\" alt=\"\" class=\"wp-image-261\" srcset=\"https:\/\/halldor.eu\/wp-content\/uploads\/2025\/09\/weekly-wallet-screenshot-1.jpg 300w, https:\/\/halldor.eu\/wp-content\/uploads\/2025\/09\/weekly-wallet-screenshot-1-135x300.jpg 135w\" sizes=\"auto, (max-width: 300px) 100vw, 300px\" \/><\/figure>\n\n\n\n<figure class=\"wp-block-image size-full\"><img loading=\"lazy\" decoding=\"async\" width=\"300\" height=\"667\" data-id=\"262\" src=\"https:\/\/halldor.eu\/wp-content\/uploads\/2025\/09\/weekly-wallet-screenshot-2.jpg\" alt=\"\" class=\"wp-image-262\" srcset=\"https:\/\/halldor.eu\/wp-content\/uploads\/2025\/09\/weekly-wallet-screenshot-2.jpg 300w, https:\/\/halldor.eu\/wp-content\/uploads\/2025\/09\/weekly-wallet-screenshot-2-135x300.jpg 135w\" sizes=\"auto, (max-width: 300px) 100vw, 300px\" \/><\/figure>\n<figcaption class=\"blocks-gallery-caption wp-element-caption\">Enkelt og uten distraksjoner var m\u00e5let.<\/figcaption><\/figure>\n\n\n\n<p>Appen er tilgjengelig p\u00e5 Play Store til 99 kroner. <a href=\"https:\/\/play.google.com\/store\/apps\/details?id=eu.halldor.allowance\">Link til appen.<\/a><\/p>\n\n\n\n<p><\/p>\n","protected":false},"excerpt":{"rendered":"<p>Jeg l\u00e6rte \u00e5 programmere fra ung alder s\u00e5 jeg liker inne i mellom \u00e5 gj\u00f8re noe med det. I sommerferien 2025 lagde jeg en app til android telefoner som jeg kaller Weekly Wallet. Det er en app som hjelper deg med \u00e5 holde budget over uken. Du setter deg en &#8220;allowance&#8221; for uken og hver [&hellip;]<\/p>\n","protected":false},"author":1,"featured_media":0,"parent":0,"menu_order":0,"comment_status":"closed","ping_status":"closed","template":"","meta":{"_monsterinsights_skip_tracking":false,"_monsterinsights_sitenote_active":false,"_monsterinsights_sitenote_note":"","_monsterinsights_sitenote_category":0,"footnotes":""},"class_list":["post-250","page","type-page","status-publish","hentry"],"_links":{"self":[{"href":"https:\/\/halldor.eu\/index.php?rest_route=\/wp\/v2\/pages\/250","targetHints":{"allow":["GET"]}}],"collection":[{"href":"https:\/\/halldor.eu\/index.php?rest_route=\/wp\/v2\/pages"}],"about":[{"href":"https:\/\/halldor.eu\/index.php?rest_route=\/wp\/v2\/types\/page"}],"author":[{"embeddable":true,"href":"https:\/\/halldor.eu\/index.php?rest_route=\/wp\/v2\/users\/1"}],"replies":[{"embeddable":true,"href":"https:\/\/halldor.eu\/index.php?rest_route=%2Fwp%2Fv2%2Fcomments&post=250"}],"version-history":[{"count":6,"href":"https:\/\/halldor.eu\/index.php?rest_route=\/wp\/v2\/pages\/250\/revisions"}],"predecessor-version":[{"id":266,"href":"https:\/\/halldor.eu\/index.php?rest_route=\/wp\/v2\/pages\/250\/revisions\/266"}],"wp:attachment":[{"href":"https:\/\/halldor.eu\/index.php?rest_route=%2Fwp%2Fv2%2Fmedia&parent=250"}],"curies":[{"name":"wp","href":"https:\/\/api.w.org\/{rel}","templated":true}]}}