{"id":233,"date":"2025-06-11T11:44:12","date_gmt":"2025-06-11T10:44:12","guid":{"rendered":"https:\/\/halldor.eu\/?page_id=233"},"modified":"2025-06-11T11:44:12","modified_gmt":"2025-06-11T10:44:12","slug":"beregningsarker","status":"publish","type":"page","link":"https:\/\/halldor.eu\/?page_id=233","title":{"rendered":"Beregningsarker"},"content":{"rendered":"\n<p>Her har jeg beregningsarker som jeg har laget i LibreOffice som kan brukes av alle som har interesse for det. Jeg tar ikke ansvar hvis det er feil i arkene s\u00e5 v\u00e6r forsiktig og sjekk sj\u00f8l om resultatene stemmer.<\/p>\n\n\n\n<figure class=\"wp-block-image size-full\"><img loading=\"lazy\" decoding=\"async\" width=\"600\" height=\"285\" src=\"https:\/\/halldor.eu\/wp-content\/uploads\/2025\/06\/beregne-u-verdi.jpg\" alt=\"\" class=\"wp-image-234\" srcset=\"https:\/\/halldor.eu\/wp-content\/uploads\/2025\/06\/beregne-u-verdi.jpg 600w, https:\/\/halldor.eu\/wp-content\/uploads\/2025\/06\/beregne-u-verdi-300x143.jpg 300w\" sizes=\"auto, (max-width: 600px) 100vw, 600px\" \/><\/figure>\n\n\n\n<h4 class=\"wp-block-heading\">Beregne U verdi av bygningsdeler<\/h4>\n\n\n\n<p>Her har jeg laget et beregningsark hvor du kan f\u00e5 U verdi fra bygningsdeler som du lager med \u00e5 velge materialer og tykkelser. Jeg eksperimenter ogs\u00e5 med \u00e5 vise fuktighet i bygningsdelen. N\u00e5v\u00e6rende versjon er 1.1.2.<\/p>\n\n\n\n<p><a href=\"http:\/\/www.halldor.eu\/public\/beregningsfiler\/Beregne%20U%20verdi%20av%20bygningsdeler.ods\">Beregne U verdi av bygningsdeler.ods<\/a><\/p>\n","protected":false},"excerpt":{"rendered":"<p>Her har jeg beregningsarker som jeg har laget i LibreOffice som kan brukes av alle som har interesse for det. Jeg tar ikke ansvar hvis det er feil i arkene s\u00e5 v\u00e6r forsiktig og sjekk sj\u00f8l om resultatene stemmer. Beregne U verdi av bygningsdeler Her har jeg laget et beregningsark hvor du kan f\u00e5 U [&hellip;]<\/p>\n","protected":false},"author":1,"featured_media":0,"parent":0,"menu_order":0,"comment_status":"closed","ping_status":"closed","template":"","meta":{"_monsterinsights_skip_tracking":false,"_monsterinsights_sitenote_active":false,"_monsterinsights_sitenote_note":"","_monsterinsights_sitenote_category":0,"footnotes":""},"class_list":["post-233","page","type-page","status-publish","hentry"],"_links":{"self":[{"href":"https:\/\/halldor.eu\/index.php?rest_route=\/wp\/v2\/pages\/233","targetHints":{"allow":["GET"]}}],"collection":[{"href":"https:\/\/halldor.eu\/index.php?rest_route=\/wp\/v2\/pages"}],"about":[{"href":"https:\/\/halldor.eu\/index.php?rest_route=\/wp\/v2\/types\/page"}],"author":[{"embeddable":true,"href":"https:\/\/halldor.eu\/index.php?rest_route=\/wp\/v2\/users\/1"}],"replies":[{"embeddable":true,"href":"https:\/\/halldor.eu\/index.php?rest_route=%2Fwp%2Fv2%2Fcomments&post=233"}],"version-history":[{"count":1,"href":"https:\/\/halldor.eu\/index.php?rest_route=\/wp\/v2\/pages\/233\/revisions"}],"predecessor-version":[{"id":235,"href":"https:\/\/halldor.eu\/index.php?rest_route=\/wp\/v2\/pages\/233\/revisions\/235"}],"wp:attachment":[{"href":"https:\/\/halldor.eu\/index.php?rest_route=%2Fwp%2Fv2%2Fmedia&parent=233"}],"curies":[{"name":"wp","href":"https:\/\/api.w.org\/{rel}","templated":true}]}}