{"id":17,"date":"2024-10-04T17:01:26","date_gmt":"2024-10-04T17:01:26","guid":{"rendered":"http:\/\/halldor.eu\/?page_id=17"},"modified":"2026-03-13T13:09:23","modified_gmt":"2026-03-13T12:09:23","slug":"erfaring","status":"publish","type":"page","link":"https:\/\/halldor.eu\/?page_id=17","title":{"rendered":"Erfaring"},"content":{"rendered":"\n<figure class=\"wp-block-table is-style-stripes\"><table class=\"has-base-background-color has-background\"><thead><tr><th class=\"has-text-align-left\" data-align=\"left\">Tittel<\/th><th class=\"has-text-align-left\" data-align=\"left\">Firma,<br>arbeidsperiode<\/th><th>Ansvar<\/th><\/tr><\/thead><tbody><tr><td class=\"has-text-align-left\" data-align=\"left\"><strong>Snekker<\/strong><\/td><td class=\"has-text-align-left\" data-align=\"left\"><strong>Selvstendig<\/strong><br>7.2024 &#8211; 11. 2024<\/td><td>Jeg jobbet sammen med en annen snekker ved \u00e5 bygge et fritidshus ut p\u00e5 landet. Prosjektet var p\u00e5 Island s\u00e5 jeg m\u00e5tte pendle der hver m\u00e5ned.<\/td><\/tr><tr><td class=\"has-text-align-left\" data-align=\"left\"><strong>Teknisk tegner<\/strong><\/td><td class=\"has-text-align-left\" data-align=\"left\"><strong>Ark 2 ehf (Arkitektkontor)<\/strong><br>1.2017 &#8211; 4.2024<\/td><td>Jeg jobbet frilanse hos Ark2 n\u00e5r de hadde behov for ekstra hjelp. Min jobb var \u00e5 tegne bygninger og legge dem in til kommunen for samtykke. Jeg hadde ansvar til eventuelle endringer som m\u00e5tte gj\u00f8res for samtykke.<\/td><\/tr><tr><td class=\"has-text-align-left\" data-align=\"left\"><strong>Snekker<\/strong><\/td><td class=\"has-text-align-left\" data-align=\"left\"><strong>HV Service AS<\/strong><br>5.2021 &#8211; 11.2021<\/td><td>Jeg jobbet med bytte av vinduer og d\u00f8rer. Vi jobbet ogs\u00e5 med allsidig snekring.<\/td><\/tr><tr><td class=\"has-text-align-left\" data-align=\"left\"><strong>Snekker<\/strong><\/td><td class=\"has-text-align-left\" data-align=\"left\"><strong>Selvstendig<\/strong><br>6.2016 &#8211; 7.2019<\/td><td>Jeg hadde prosjekt med renovasjon av hus etter brann som ogs\u00e5 skulle deles i to leiligheter. Jeg hadde ogs\u00e5 et annet prosjekt som var \u00e5 dele et<br>hus i to leiligheter.<\/td><\/tr><tr><td class=\"has-text-align-left\" data-align=\"left\"><strong>Snekker<\/strong><\/td><td class=\"has-text-align-left\" data-align=\"left\"><strong>Dalseghagen Betongbygg AS<\/strong><br>5.2012 &#8211; 8.2015<\/td><td>Om somrene jobbet jeg med nybygg i betong. Prosjektene varierte og var fra sm\u00e5 st\u00f8ttevegger til en stor bilgarasje under et hotell og konferansebygg.<\/td><\/tr><tr><td class=\"has-text-align-left\" data-align=\"left\"><strong>Teknisk tegner<\/strong><\/td><td class=\"has-text-align-left\" data-align=\"left\"><strong>Vektor ehf (Arkitektkontor)<\/strong><br>3.2007 &#8211; 3.2008<\/td><td>Jeg jobbet i ingeni\u00f8ravdelingen hvor mitt ansvar var konstruksjonstegninger av bygninger i samarbeid med ingeni\u00f8r. Vi jobbet med b\u00e5de sm\u00e5 prosjekter til veldig store prosjekter. Mesteparten bygninger av betong, men noen av trevirke.<\/td><\/tr><tr><td class=\"has-text-align-left\" data-align=\"left\"><strong>Snekker<\/strong><\/td><td class=\"has-text-align-left\" data-align=\"left\"><strong>\u00c1rtak ehf<\/strong><br>6.2005 &#8211; 8.2006<\/td><td>Jeg jobbet som snekker hvor vi bygde rekkehus av betong.<\/td><\/tr><\/tbody><\/table><\/figure>\n\n\n\n<p>Erfaring som kan v\u00e6re interesserende men er ikke direkte relevant til min tittel som bygningskonstrukt\u00f8r:<\/p>\n\n\n\n<ul class=\"wp-block-list\">\n<li>Omsorg p\u00e5 sykehjem<\/li>\n\n\n\n<li>Levering av helsekost i butikker<\/li>\n\n\n\n<li>Sj\u00e5f\u00f8r til mobilt dukketeater<\/li>\n\n\n\n<li>Leder i Reykjavik gatesjefs gressklippertjeneste<\/li>\n\n\n\n<li>Levering i kj\u00f8ttforedling<\/li>\n\n\n\n<li>Domino&#8217;s Pizza levering (sj\u00e5f\u00f8r)<\/li>\n<\/ul>\n","protected":false},"excerpt":{"rendered":"<p>Tittel Firma,arbeidsperiode Ansvar Snekker Selvstendig7.2024 &#8211; 11. 2024 Jeg jobbet sammen med en annen snekker ved \u00e5 bygge et fritidshus ut p\u00e5 landet. Prosjektet var p\u00e5 Island s\u00e5 jeg m\u00e5tte pendle der hver m\u00e5ned. Teknisk tegner Ark 2 ehf (Arkitektkontor)1.2017 &#8211; 4.2024 Jeg jobbet frilanse hos Ark2 n\u00e5r de hadde behov for ekstra hjelp. Min [&hellip;]<\/p>\n","protected":false},"author":1,"featured_media":0,"parent":0,"menu_order":0,"comment_status":"closed","ping_status":"closed","template":"","meta":{"_monsterinsights_skip_tracking":false,"_monsterinsights_sitenote_active":false,"_monsterinsights_sitenote_note":"","_monsterinsights_sitenote_category":0,"footnotes":""},"class_list":["post-17","page","type-page","status-publish","hentry"],"_links":{"self":[{"href":"https:\/\/halldor.eu\/index.php?rest_route=\/wp\/v2\/pages\/17","targetHints":{"allow":["GET"]}}],"collection":[{"href":"https:\/\/halldor.eu\/index.php?rest_route=\/wp\/v2\/pages"}],"about":[{"href":"https:\/\/halldor.eu\/index.php?rest_route=\/wp\/v2\/types\/page"}],"author":[{"embeddable":true,"href":"https:\/\/halldor.eu\/index.php?rest_route=\/wp\/v2\/users\/1"}],"replies":[{"embeddable":true,"href":"https:\/\/halldor.eu\/index.php?rest_route=%2Fwp%2Fv2%2Fcomments&post=17"}],"version-history":[{"count":14,"href":"https:\/\/halldor.eu\/index.php?rest_route=\/wp\/v2\/pages\/17\/revisions"}],"predecessor-version":[{"id":293,"href":"https:\/\/halldor.eu\/index.php?rest_route=\/wp\/v2\/pages\/17\/revisions\/293"}],"wp:attachment":[{"href":"https:\/\/halldor.eu\/index.php?rest_route=%2Fwp%2Fv2%2Fmedia&parent=17"}],"curies":[{"name":"wp","href":"https:\/\/api.w.org\/{rel}","templated":true}]}}